{"id":38175,"date":"2025-12-14T13:14:03","date_gmt":"2025-12-14T11:14:03","guid":{"rendered":"https:\/\/alexflowers.lv\/?post_type=product&#038;p=38175"},"modified":"2026-01-13T16:00:42","modified_gmt":"2026-01-13T14:00:42","slug":"scarlet-heaven","status":"publish","type":"product","link":"https:\/\/alexflowers.lv\/lv\/products\/scarlet-heaven\/","title":{"rendered":"SCARLET HEAVEN"},"content":{"rendered":"<p><b>Color:<\/b>\u00a0dark red<\/p>\n<p><b>Classification:\u00a0<\/b>Itoh hybrid<\/p>\n<p><b>flower shape:<\/b>\u00a0single<\/p>\n<p><b>Height:<\/b>\u00a070 cm<\/p>\n<p><b>Flower diameter:<\/b>\u00a015 cm<\/p>\n<p><b>Flowering time<\/b>: medium<\/p>","protected":false},"excerpt":{"rendered":"<p data-start=\"313\" data-end=\"388\">The flower is dark red in color with a glowing yellow center of stamens.<\/p>\n<p data-start=\"313\" data-end=\"388\">Zieds ir tum\u0161i sarkan\u0101 kr\u0101s\u0101 ar ko\u0161i mirdzo\u0161u dzeltenu putek\u0161\u0146u centru.<\/p>\n<p data-start=\"409\" data-end=\"485\">\u0426\u0432\u0435\u0442\u043e\u043a \u0442\u0451\u043c\u043d\u043e-\u043a\u0440\u0430\u0441\u043d\u043e\u0433\u043e \u0446\u0432\u0435\u0442\u0430 \u0441 \u044f\u0440\u043a\u043e \u0441\u0432\u0435\u0442\u044f\u0449\u0438\u043c\u0441\u044f \u0436\u0451\u043b\u0442\u044b\u043c \u0446\u0435\u043d\u0442\u0440\u043e\u043c \u0438\u0437 \u0442\u044b\u0447\u0438\u043d\u043e\u043a.<\/p>","protected":false},"featured_media":38174,"comment_status":"open","ping_status":"closed","template":"","meta":{"_gspb_post_css":"","_themeisle_gutenberg_block_has_review":false},"product_brand":[],"product_cat":[434],"product_tag":[],"class_list":{"0":"post-38175","1":"product","2":"type-product","3":"status-publish","4":"has-post-thumbnail","6":"product_cat-itoh-hybrids","7":"pa_hybridizer-anderson","9":"first","10":"outofstock","11":"shipping-taxable","12":"product-type-simple"},"ct_brands":[],"yoast_head":"<!-- This site is optimized with the Yoast SEO plugin v27.5 - https:\/\/yoast.com\/product\/yoast-seo-wordpress\/ -->\n<title>SCARLET HEAVEN | Peony roots from Latvia<\/title>\n<meta name=\"description\" content=\"Buy SCARLET HEAVEN from a peony nursery in Latvia. Carefully packed peony roots with delivery across Europe and Scandinavia.\" \/>\n<meta name=\"robots\" content=\"index, follow, max-snippet:-1, max-image-preview:large, max-video-preview:-1\" \/>\n<link rel=\"canonical\" href=\"https:\/\/alexflowers.lv\/lv\/products\/scarlet-heaven\/\" \/>\n<meta property=\"og:locale\" content=\"lv_LV\" \/>\n<meta property=\"og:type\" content=\"article\" \/>\n<meta property=\"og:title\" content=\"SCARLET HEAVEN | Peony roots from Latvia\" \/>\n<meta property=\"og:description\" content=\"Buy SCARLET HEAVEN from a peony nursery in Latvia. Carefully packed peony roots with delivery across Europe and Scandinavia.\" \/>\n<meta property=\"og:url\" content=\"https:\/\/alexflowers.lv\/lv\/products\/scarlet-heaven\/\" \/>\n<meta property=\"og:site_name\" content=\"Alex Flowers - Peony Nursery in Latvia\" \/>\n<meta property=\"article:publisher\" content=\"https:\/\/www.facebook.com\/share\/1DUxfCw1sq\/?mibextid=wwXIfr\" \/>\n<meta property=\"article:modified_time\" content=\"2026-01-13T14:00:42+00:00\" \/>\n<meta property=\"og:image\" content=\"https:\/\/alexflowers.lv\/wp-content\/uploads\/2025\/12\/\u0418\u0437\u043e\u0431\u0440\u0430\u0436\u0435\u043d\u0438\u0435-WhatsApp-2025-07-01-\u0432-16.22.56_12107349.jpg\" \/>\n\t<meta property=\"og:image:width\" content=\"1600\" \/>\n\t<meta property=\"og:image:height\" content=\"1200\" \/>\n\t<meta property=\"og:image:type\" content=\"image\/jpeg\" \/>\n<meta name=\"twitter:card\" content=\"summary_large_image\" \/>\n<meta name=\"twitter:label1\" content=\"Est. reading time\" \/>\n\t<meta name=\"twitter:data1\" content=\"1 min\u016bte\" \/>\n<script type=\"application\/ld+json\" class=\"yoast-schema-graph\">{\"@context\":\"https:\\\/\\\/schema.org\",\"@graph\":[{\"@type\":\"WebPage\",\"@id\":\"https:\\\/\\\/alexflowers.lv\\\/product\\\/scarlet-heaven\\\/\",\"url\":\"https:\\\/\\\/alexflowers.lv\\\/product\\\/scarlet-heaven\\\/\",\"name\":\"SCARLET HEAVEN | Peony roots from Latvia\",\"isPartOf\":{\"@id\":\"https:\\\/\\\/alexflowers.lv\\\/#website\"},\"primaryImageOfPage\":{\"@id\":\"https:\\\/\\\/alexflowers.lv\\\/product\\\/scarlet-heaven\\\/#primaryimage\"},\"image\":{\"@id\":\"https:\\\/\\\/alexflowers.lv\\\/product\\\/scarlet-heaven\\\/#primaryimage\"},\"thumbnailUrl\":\"https:\\\/\\\/alexflowers.lv\\\/wp-content\\\/uploads\\\/2025\\\/12\\\/\u0418\u0437\u043e\u0431\u0440\u0430\u0436\u0435\u043d\u0438\u0435-WhatsApp-2025-07-01-\u0432-16.22.56_12107349.jpg\",\"datePublished\":\"2025-12-14T11:14:03+00:00\",\"dateModified\":\"2026-01-13T14:00:42+00:00\",\"description\":\"Buy SCARLET HEAVEN from a peony nursery in Latvia. Carefully packed peony roots with delivery across Europe and Scandinavia.\",\"breadcrumb\":{\"@id\":\"https:\\\/\\\/alexflowers.lv\\\/product\\\/scarlet-heaven\\\/#breadcrumb\"},\"inLanguage\":\"lv-LV\",\"potentialAction\":[{\"@type\":\"ReadAction\",\"target\":[\"https:\\\/\\\/alexflowers.lv\\\/product\\\/scarlet-heaven\\\/\"]}]},{\"@type\":\"ImageObject\",\"inLanguage\":\"lv-LV\",\"@id\":\"https:\\\/\\\/alexflowers.lv\\\/product\\\/scarlet-heaven\\\/#primaryimage\",\"url\":\"https:\\\/\\\/alexflowers.lv\\\/wp-content\\\/uploads\\\/2025\\\/12\\\/\u0418\u0437\u043e\u0431\u0440\u0430\u0436\u0435\u043d\u0438\u0435-WhatsApp-2025-07-01-\u0432-16.22.56_12107349.jpg\",\"contentUrl\":\"https:\\\/\\\/alexflowers.lv\\\/wp-content\\\/uploads\\\/2025\\\/12\\\/\u0418\u0437\u043e\u0431\u0440\u0430\u0436\u0435\u043d\u0438\u0435-WhatsApp-2025-07-01-\u0432-16.22.56_12107349.jpg\",\"width\":1600,\"height\":1200},{\"@type\":\"BreadcrumbList\",\"@id\":\"https:\\\/\\\/alexflowers.lv\\\/product\\\/scarlet-heaven\\\/#breadcrumb\",\"itemListElement\":[{\"@type\":\"ListItem\",\"position\":1,\"name\":\"Home\",\"item\":\"https:\\\/\\\/alexflowers.lv\\\/\"},{\"@type\":\"ListItem\",\"position\":2,\"name\":\"Buy Peony Roots\",\"item\":\"https:\\\/\\\/alexflowers.lv\\\/buy-peony-roots\\\/\"},{\"@type\":\"ListItem\",\"position\":3,\"name\":\"SCARLET HEAVEN\"}]},{\"@type\":\"WebSite\",\"@id\":\"https:\\\/\\\/alexflowers.lv\\\/#website\",\"url\":\"https:\\\/\\\/alexflowers.lv\\\/\",\"name\":\"Alex Flowers - Peony Nursery in Latvia\",\"description\":\"We grow peonies in our nursery in Latvia with care for the plant and nature. New and rare varieties- carefully packed and delivered across Europe and Scandinavia.\",\"publisher\":{\"@id\":\"https:\\\/\\\/alexflowers.lv\\\/#organization\"},\"potentialAction\":[{\"@type\":\"SearchAction\",\"target\":{\"@type\":\"EntryPoint\",\"urlTemplate\":\"https:\\\/\\\/alexflowers.lv\\\/?s={search_term_string}\"},\"query-input\":{\"@type\":\"PropertyValueSpecification\",\"valueRequired\":true,\"valueName\":\"search_term_string\"}}],\"inLanguage\":\"lv-LV\"},{\"@type\":\"Organization\",\"@id\":\"https:\\\/\\\/alexflowers.lv\\\/#organization\",\"name\":\"Alex Flowers\",\"url\":\"https:\\\/\\\/alexflowers.lv\\\/\",\"logo\":{\"@type\":\"ImageObject\",\"inLanguage\":\"lv-LV\",\"@id\":\"https:\\\/\\\/alexflowers.lv\\\/#\\\/schema\\\/logo\\\/image\\\/\",\"url\":\"https:\\\/\\\/mlapv6zzdrmm.i.optimole.com\\\/cb:mLu5.ec6\\\/w:450\\\/h:450\\\/q:mauto\\\/f:best\\\/https:\\\/\\\/alexflowers.lv\\\/wp-content\\\/uploads\\\/2025\\\/12\\\/FB-Logo-.jpg\",\"contentUrl\":\"https:\\\/\\\/mlapv6zzdrmm.i.optimole.com\\\/cb:mLu5.ec6\\\/w:450\\\/h:450\\\/q:mauto\\\/f:best\\\/https:\\\/\\\/alexflowers.lv\\\/wp-content\\\/uploads\\\/2025\\\/12\\\/FB-Logo-.jpg\",\"width\":450,\"height\":450,\"caption\":\"Alex Flowers\"},\"image\":{\"@id\":\"https:\\\/\\\/alexflowers.lv\\\/#\\\/schema\\\/logo\\\/image\\\/\"},\"sameAs\":[\"https:\\\/\\\/www.facebook.com\\\/share\\\/1DUxfCw1sq\\\/?mibextid=wwXIfr\"]}]}<\/script>\n<!-- \/ Yoast SEO plugin. -->","yoast_head_json":{"title":"SCARLET HEAVEN | Peony roots from Latvia","description":"Buy SCARLET HEAVEN from a peony nursery in Latvia. Carefully packed peony roots with delivery across Europe and Scandinavia.","robots":{"index":"index","follow":"follow","max-snippet":"max-snippet:-1","max-image-preview":"max-image-preview:large","max-video-preview":"max-video-preview:-1"},"canonical":"https:\/\/alexflowers.lv\/lv\/products\/scarlet-heaven\/","og_locale":"lv_LV","og_type":"article","og_title":"SCARLET HEAVEN | Peony roots from Latvia","og_description":"Buy SCARLET HEAVEN from a peony nursery in Latvia. Carefully packed peony roots with delivery across Europe and Scandinavia.","og_url":"https:\/\/alexflowers.lv\/lv\/products\/scarlet-heaven\/","og_site_name":"Alex Flowers - Peony Nursery in Latvia","article_publisher":"https:\/\/www.facebook.com\/share\/1DUxfCw1sq\/?mibextid=wwXIfr","article_modified_time":"2026-01-13T14:00:42+00:00","og_image":[{"width":1600,"height":1200,"url":"https:\/\/alexflowers.lv\/wp-content\/uploads\/2025\/12\/\u0418\u0437\u043e\u0431\u0440\u0430\u0436\u0435\u043d\u0438\u0435-WhatsApp-2025-07-01-\u0432-16.22.56_12107349.jpg","type":"image\/jpeg"}],"twitter_card":"summary_large_image","twitter_misc":{"Est. reading time":"1 min\u016bte"},"schema":{"@context":"https:\/\/schema.org","@graph":[{"@type":"WebPage","@id":"https:\/\/alexflowers.lv\/product\/scarlet-heaven\/","url":"https:\/\/alexflowers.lv\/product\/scarlet-heaven\/","name":"SCARLET HEAVEN | Peony roots from Latvia","isPartOf":{"@id":"https:\/\/alexflowers.lv\/#website"},"primaryImageOfPage":{"@id":"https:\/\/alexflowers.lv\/product\/scarlet-heaven\/#primaryimage"},"image":{"@id":"https:\/\/alexflowers.lv\/product\/scarlet-heaven\/#primaryimage"},"thumbnailUrl":"https:\/\/alexflowers.lv\/wp-content\/uploads\/2025\/12\/\u0418\u0437\u043e\u0431\u0440\u0430\u0436\u0435\u043d\u0438\u0435-WhatsApp-2025-07-01-\u0432-16.22.56_12107349.jpg","datePublished":"2025-12-14T11:14:03+00:00","dateModified":"2026-01-13T14:00:42+00:00","description":"Buy SCARLET HEAVEN from a peony nursery in Latvia. Carefully packed peony roots with delivery across Europe and Scandinavia.","breadcrumb":{"@id":"https:\/\/alexflowers.lv\/product\/scarlet-heaven\/#breadcrumb"},"inLanguage":"lv-LV","potentialAction":[{"@type":"ReadAction","target":["https:\/\/alexflowers.lv\/product\/scarlet-heaven\/"]}]},{"@type":"ImageObject","inLanguage":"lv-LV","@id":"https:\/\/alexflowers.lv\/product\/scarlet-heaven\/#primaryimage","url":"https:\/\/alexflowers.lv\/wp-content\/uploads\/2025\/12\/\u0418\u0437\u043e\u0431\u0440\u0430\u0436\u0435\u043d\u0438\u0435-WhatsApp-2025-07-01-\u0432-16.22.56_12107349.jpg","contentUrl":"https:\/\/alexflowers.lv\/wp-content\/uploads\/2025\/12\/\u0418\u0437\u043e\u0431\u0440\u0430\u0436\u0435\u043d\u0438\u0435-WhatsApp-2025-07-01-\u0432-16.22.56_12107349.jpg","width":1600,"height":1200},{"@type":"BreadcrumbList","@id":"https:\/\/alexflowers.lv\/product\/scarlet-heaven\/#breadcrumb","itemListElement":[{"@type":"ListItem","position":1,"name":"Home","item":"https:\/\/alexflowers.lv\/"},{"@type":"ListItem","position":2,"name":"Buy Peony Roots","item":"https:\/\/alexflowers.lv\/buy-peony-roots\/"},{"@type":"ListItem","position":3,"name":"SCARLET HEAVEN"}]},{"@type":"WebSite","@id":"https:\/\/alexflowers.lv\/#website","url":"https:\/\/alexflowers.lv\/","name":"Alex Flowers - Peony Nursery in Latvia","description":"We grow peonies in our nursery in Latvia with care for the plant and nature. New and rare varieties- carefully packed and delivered across Europe and Scandinavia.","publisher":{"@id":"https:\/\/alexflowers.lv\/#organization"},"potentialAction":[{"@type":"SearchAction","target":{"@type":"EntryPoint","urlTemplate":"https:\/\/alexflowers.lv\/?s={search_term_string}"},"query-input":{"@type":"PropertyValueSpecification","valueRequired":true,"valueName":"search_term_string"}}],"inLanguage":"lv-LV"},{"@type":"Organization","@id":"https:\/\/alexflowers.lv\/#organization","name":"Alex Flowers","url":"https:\/\/alexflowers.lv\/","logo":{"@type":"ImageObject","inLanguage":"lv-LV","@id":"https:\/\/alexflowers.lv\/#\/schema\/logo\/image\/","url":"https:\/\/mlapv6zzdrmm.i.optimole.com\/cb:mLu5.ec6\/w:450\/h:450\/q:mauto\/f:best\/https:\/\/alexflowers.lv\/wp-content\/uploads\/2025\/12\/FB-Logo-.jpg","contentUrl":"https:\/\/mlapv6zzdrmm.i.optimole.com\/cb:mLu5.ec6\/w:450\/h:450\/q:mauto\/f:best\/https:\/\/alexflowers.lv\/wp-content\/uploads\/2025\/12\/FB-Logo-.jpg","width":450,"height":450,"caption":"Alex Flowers"},"image":{"@id":"https:\/\/alexflowers.lv\/#\/schema\/logo\/image\/"},"sameAs":["https:\/\/www.facebook.com\/share\/1DUxfCw1sq\/?mibextid=wwXIfr"]}]}},"_links":{"self":[{"href":"https:\/\/alexflowers.lv\/lv\/wp-json\/wp\/v2\/product\/38175","targetHints":{"allow":["GET"]}}],"collection":[{"href":"https:\/\/alexflowers.lv\/lv\/wp-json\/wp\/v2\/product"}],"about":[{"href":"https:\/\/alexflowers.lv\/lv\/wp-json\/wp\/v2\/types\/product"}],"replies":[{"embeddable":true,"href":"https:\/\/alexflowers.lv\/lv\/wp-json\/wp\/v2\/comments?post=38175"}],"wp:featuredmedia":[{"embeddable":true,"href":"https:\/\/alexflowers.lv\/lv\/wp-json\/wp\/v2\/media\/38174"}],"wp:attachment":[{"href":"https:\/\/alexflowers.lv\/lv\/wp-json\/wp\/v2\/media?parent=38175"}],"wp:term":[{"taxonomy":"product_brand","embeddable":true,"href":"https:\/\/alexflowers.lv\/lv\/wp-json\/wp\/v2\/product_brand?post=38175"},{"taxonomy":"product_cat","embeddable":true,"href":"https:\/\/alexflowers.lv\/lv\/wp-json\/wp\/v2\/product_cat?post=38175"},{"taxonomy":"product_tag","embeddable":true,"href":"https:\/\/alexflowers.lv\/lv\/wp-json\/wp\/v2\/product_tag?post=38175"}],"curies":[{"name":"wp","href":"https:\/\/api.w.org\/{rel}","templated":true}]}}