{"id":37329,"date":"2025-06-30T09:20:33","date_gmt":"2025-06-30T09:20:33","guid":{"rendered":"https:\/\/alexflowers.lv\/newsite\/?post_type=product&#038;p=37329"},"modified":"2026-01-22T22:26:10","modified_gmt":"2026-01-22T20:26:10","slug":"sakhalin","status":"publish","type":"product","link":"https:\/\/alexflowers.lv\/lv\/products\/sakhalin\/","title":{"rendered":"SAKHALIN"},"content":{"rendered":"<p data-start=\"0\" data-end=\"15\"><strong>Original name<\/strong>: \u0421\u0410\u0425\u0410\u041b\u0418\u041d<\/p>\n<p data-start=\"0\" data-end=\"15\"><strong>Color:<\/strong> dark red<\/p>\n<p data-start=\"17\" data-end=\"43\"><strong>Classification:<\/strong> lactiflora<\/p>\n<p data-start=\"45\" data-end=\"64\"><strong>Flower form:<\/strong> double<\/p>\n<p data-start=\"66\" data-end=\"79\"><strong>Height:<\/strong> 90 cm<\/p>\n<p data-start=\"81\" data-end=\"103\"><strong>Flower diameter:<\/strong> 16 cm<\/p>\n<p data-start=\"105\" data-end=\"133\"><strong>Blooming period:<\/strong> mid to late<\/p>","protected":false},"excerpt":{"rendered":"<p>The flower is double, crown-shaped, with a dense structure.<br data-start=\"194\" data-end=\"197\" \/>The bush is tall, with slightly bending stems and beautiful dark green foliage.<br data-start=\"276\" data-end=\"279\" \/>The fragrance is strong and pleasant.<\/p>\n<p data-start=\"0\" data-end=\"160\">Zieds ir pild\u012bts, kro\u0146veida, ar bl\u012bvu strukt\u016bru.<br \/>\nKr\u016bms ir augsts, ar nedaudz liektiem stubl\u0101jiem un skaistu tum\u0161i za\u013cu lapojumu.<br \/>\nArom\u0101ts ir sp\u0113c\u012bgs un pat\u012bkams.<\/p>\n<p data-start=\"162\" data-end=\"326\" data-is-last-node=\"\" data-is-only-node=\"\">\u0426\u0432\u0435\u0442\u043e\u043a \u043c\u0430\u0445\u0440\u043e\u0432\u044b\u0439, \u043a\u043e\u0440\u043e\u043d\u0447\u0430\u0442\u043e\u0439 \u0444\u043e\u0440\u043c\u044b, \u0441 \u043f\u043b\u043e\u0442\u043d\u043e\u0439 \u0441\u0442\u0440\u0443\u043a\u0442\u0443\u0440\u043e\u0439.<br \/>\n\u041a\u0443\u0441\u0442 \u0432\u044b\u0441\u043e\u043a\u0438\u0439, \u0441\u043e \u0441\u043b\u0435\u0433\u043a\u0430 \u0438\u0437\u0433\u0438\u0431\u0430\u044e\u0449\u0438\u043c\u0438\u0441\u044f \u0441\u0442\u0435\u0431\u043b\u044f\u043c\u0438 \u0438 \u043a\u0440\u0430\u0441\u0438\u0432\u043e\u0439 \u0442\u0451\u043c\u043d\u043e-\u0437\u0435\u043b\u0451\u043d\u043e\u0439 \u043b\u0438\u0441\u0442\u0432\u043e\u0439.<br \/>\n\u0410\u0440\u043e\u043c\u0430\u0442 \u0441\u0438\u043b\u044c\u043d\u044b\u0439 \u0438 \u043f\u0440\u0438\u044f\u0442\u043d\u044b\u0439.<\/p>","protected":false},"featured_media":37330,"comment_status":"closed","ping_status":"closed","template":"","meta":{"_gspb_post_css":"","_themeisle_gutenberg_block_has_review":false},"product_brand":[],"product_cat":[432],"product_tag":[585],"class_list":{"0":"post-37329","1":"product","2":"type-product","3":"status-publish","4":"has-post-thumbnail","6":"product_cat-lactiflora","7":"product_tag-collection-favorites","8":"pa_hybridizer-anatoly-skakodub","10":"first","11":"outofstock","12":"shipping-taxable","13":"purchasable","14":"product-type-simple"},"ct_brands":[],"yoast_head":"<!-- This site is optimized with the Yoast SEO plugin v27.5 - https:\/\/yoast.com\/product\/yoast-seo-wordpress\/ -->\n<title>SAKHALIN | Peony roots from Latvia<\/title>\n<meta name=\"description\" content=\"Buy SAKHALIN from a peony nursery in Latvia. Carefully packed peony roots with delivery across Europe and Scandinavia.\" \/>\n<meta name=\"robots\" content=\"index, follow, max-snippet:-1, max-image-preview:large, max-video-preview:-1\" \/>\n<link rel=\"canonical\" href=\"https:\/\/alexflowers.lv\/lv\/products\/sakhalin\/\" \/>\n<meta property=\"og:locale\" content=\"lv_LV\" \/>\n<meta property=\"og:type\" content=\"article\" \/>\n<meta property=\"og:title\" content=\"SAKHALIN | Peony roots from Latvia\" \/>\n<meta property=\"og:description\" content=\"Buy SAKHALIN from a peony nursery in Latvia. Carefully packed peony roots with delivery across Europe and Scandinavia.\" \/>\n<meta property=\"og:url\" content=\"https:\/\/alexflowers.lv\/lv\/products\/sakhalin\/\" \/>\n<meta property=\"og:site_name\" content=\"Alex Flowers - Peony Nursery in Latvia\" \/>\n<meta property=\"article:publisher\" content=\"https:\/\/www.facebook.com\/share\/1DUxfCw1sq\/?mibextid=wwXIfr\" \/>\n<meta property=\"article:modified_time\" content=\"2026-01-22T20:26:10+00:00\" \/>\n<meta property=\"og:image\" content=\"https:\/\/alexflowers.lv\/wp-content\/uploads\/2025\/11\/\u0418\u0437\u043e\u0431\u0440\u0430\u0436\u0435\u043d\u0438\u0435-WhatsApp-2025-06-30-\u0432-10.23.36_946f7ca2.jpg\" \/>\n\t<meta property=\"og:image:width\" content=\"1600\" \/>\n\t<meta property=\"og:image:height\" content=\"1200\" \/>\n\t<meta property=\"og:image:type\" content=\"image\/jpeg\" \/>\n<meta name=\"twitter:card\" content=\"summary_large_image\" \/>\n<meta name=\"twitter:label1\" content=\"Est. reading time\" \/>\n\t<meta name=\"twitter:data1\" content=\"1 min\u016bte\" \/>\n<script type=\"application\/ld+json\" class=\"yoast-schema-graph\">{\"@context\":\"https:\\\/\\\/schema.org\",\"@graph\":[{\"@type\":\"WebPage\",\"@id\":\"https:\\\/\\\/alexflowers.lv\\\/product\\\/sakhalin\\\/\",\"url\":\"https:\\\/\\\/alexflowers.lv\\\/product\\\/sakhalin\\\/\",\"name\":\"SAKHALIN | Peony roots from Latvia\",\"isPartOf\":{\"@id\":\"https:\\\/\\\/alexflowers.lv\\\/#website\"},\"primaryImageOfPage\":{\"@id\":\"https:\\\/\\\/alexflowers.lv\\\/product\\\/sakhalin\\\/#primaryimage\"},\"image\":{\"@id\":\"https:\\\/\\\/alexflowers.lv\\\/product\\\/sakhalin\\\/#primaryimage\"},\"thumbnailUrl\":\"https:\\\/\\\/alexflowers.lv\\\/wp-content\\\/uploads\\\/2025\\\/11\\\/\u0418\u0437\u043e\u0431\u0440\u0430\u0436\u0435\u043d\u0438\u0435-WhatsApp-2025-06-30-\u0432-10.23.36_946f7ca2.jpg\",\"datePublished\":\"2025-06-30T09:20:33+00:00\",\"dateModified\":\"2026-01-22T20:26:10+00:00\",\"description\":\"Buy SAKHALIN from a peony nursery in Latvia. Carefully packed peony roots with delivery across Europe and Scandinavia.\",\"breadcrumb\":{\"@id\":\"https:\\\/\\\/alexflowers.lv\\\/product\\\/sakhalin\\\/#breadcrumb\"},\"inLanguage\":\"lv-LV\",\"potentialAction\":[{\"@type\":\"ReadAction\",\"target\":[\"https:\\\/\\\/alexflowers.lv\\\/product\\\/sakhalin\\\/\"]}]},{\"@type\":\"ImageObject\",\"inLanguage\":\"lv-LV\",\"@id\":\"https:\\\/\\\/alexflowers.lv\\\/product\\\/sakhalin\\\/#primaryimage\",\"url\":\"https:\\\/\\\/alexflowers.lv\\\/wp-content\\\/uploads\\\/2025\\\/11\\\/\u0418\u0437\u043e\u0431\u0440\u0430\u0436\u0435\u043d\u0438\u0435-WhatsApp-2025-06-30-\u0432-10.23.36_946f7ca2.jpg\",\"contentUrl\":\"https:\\\/\\\/alexflowers.lv\\\/wp-content\\\/uploads\\\/2025\\\/11\\\/\u0418\u0437\u043e\u0431\u0440\u0430\u0436\u0435\u043d\u0438\u0435-WhatsApp-2025-06-30-\u0432-10.23.36_946f7ca2.jpg\",\"width\":1600,\"height\":1200},{\"@type\":\"BreadcrumbList\",\"@id\":\"https:\\\/\\\/alexflowers.lv\\\/product\\\/sakhalin\\\/#breadcrumb\",\"itemListElement\":[{\"@type\":\"ListItem\",\"position\":1,\"name\":\"Home\",\"item\":\"https:\\\/\\\/alexflowers.lv\\\/\"},{\"@type\":\"ListItem\",\"position\":2,\"name\":\"Buy Peony Roots\",\"item\":\"https:\\\/\\\/alexflowers.lv\\\/buy-peony-roots\\\/\"},{\"@type\":\"ListItem\",\"position\":3,\"name\":\"SAKHALIN\"}]},{\"@type\":\"WebSite\",\"@id\":\"https:\\\/\\\/alexflowers.lv\\\/#website\",\"url\":\"https:\\\/\\\/alexflowers.lv\\\/\",\"name\":\"Alex Flowers - Peony Nursery in Latvia\",\"description\":\"We grow peonies in our nursery in Latvia with care for the plant and nature. New and rare varieties- carefully packed and delivered across Europe and Scandinavia.\",\"publisher\":{\"@id\":\"https:\\\/\\\/alexflowers.lv\\\/#organization\"},\"potentialAction\":[{\"@type\":\"SearchAction\",\"target\":{\"@type\":\"EntryPoint\",\"urlTemplate\":\"https:\\\/\\\/alexflowers.lv\\\/?s={search_term_string}\"},\"query-input\":{\"@type\":\"PropertyValueSpecification\",\"valueRequired\":true,\"valueName\":\"search_term_string\"}}],\"inLanguage\":\"lv-LV\"},{\"@type\":\"Organization\",\"@id\":\"https:\\\/\\\/alexflowers.lv\\\/#organization\",\"name\":\"Alex Flowers\",\"url\":\"https:\\\/\\\/alexflowers.lv\\\/\",\"logo\":{\"@type\":\"ImageObject\",\"inLanguage\":\"lv-LV\",\"@id\":\"https:\\\/\\\/alexflowers.lv\\\/#\\\/schema\\\/logo\\\/image\\\/\",\"url\":\"https:\\\/\\\/mlapv6zzdrmm.i.optimole.com\\\/cb:mLu5.ec6\\\/w:450\\\/h:450\\\/q:mauto\\\/f:best\\\/https:\\\/\\\/alexflowers.lv\\\/wp-content\\\/uploads\\\/2025\\\/12\\\/FB-Logo-.jpg\",\"contentUrl\":\"https:\\\/\\\/mlapv6zzdrmm.i.optimole.com\\\/cb:mLu5.ec6\\\/w:450\\\/h:450\\\/q:mauto\\\/f:best\\\/https:\\\/\\\/alexflowers.lv\\\/wp-content\\\/uploads\\\/2025\\\/12\\\/FB-Logo-.jpg\",\"width\":450,\"height\":450,\"caption\":\"Alex Flowers\"},\"image\":{\"@id\":\"https:\\\/\\\/alexflowers.lv\\\/#\\\/schema\\\/logo\\\/image\\\/\"},\"sameAs\":[\"https:\\\/\\\/www.facebook.com\\\/share\\\/1DUxfCw1sq\\\/?mibextid=wwXIfr\"]}]}<\/script>\n<!-- \/ Yoast SEO plugin. -->","yoast_head_json":{"title":"SAKHALIN | Peony roots from Latvia","description":"Buy SAKHALIN from a peony nursery in Latvia. Carefully packed peony roots with delivery across Europe and Scandinavia.","robots":{"index":"index","follow":"follow","max-snippet":"max-snippet:-1","max-image-preview":"max-image-preview:large","max-video-preview":"max-video-preview:-1"},"canonical":"https:\/\/alexflowers.lv\/lv\/products\/sakhalin\/","og_locale":"lv_LV","og_type":"article","og_title":"SAKHALIN | Peony roots from Latvia","og_description":"Buy SAKHALIN from a peony nursery in Latvia. Carefully packed peony roots with delivery across Europe and Scandinavia.","og_url":"https:\/\/alexflowers.lv\/lv\/products\/sakhalin\/","og_site_name":"Alex Flowers - Peony Nursery in Latvia","article_publisher":"https:\/\/www.facebook.com\/share\/1DUxfCw1sq\/?mibextid=wwXIfr","article_modified_time":"2026-01-22T20:26:10+00:00","og_image":[{"width":1600,"height":1200,"url":"https:\/\/alexflowers.lv\/wp-content\/uploads\/2025\/11\/\u0418\u0437\u043e\u0431\u0440\u0430\u0436\u0435\u043d\u0438\u0435-WhatsApp-2025-06-30-\u0432-10.23.36_946f7ca2.jpg","type":"image\/jpeg"}],"twitter_card":"summary_large_image","twitter_misc":{"Est. reading time":"1 min\u016bte"},"schema":{"@context":"https:\/\/schema.org","@graph":[{"@type":"WebPage","@id":"https:\/\/alexflowers.lv\/product\/sakhalin\/","url":"https:\/\/alexflowers.lv\/product\/sakhalin\/","name":"SAKHALIN | Peony roots from Latvia","isPartOf":{"@id":"https:\/\/alexflowers.lv\/#website"},"primaryImageOfPage":{"@id":"https:\/\/alexflowers.lv\/product\/sakhalin\/#primaryimage"},"image":{"@id":"https:\/\/alexflowers.lv\/product\/sakhalin\/#primaryimage"},"thumbnailUrl":"https:\/\/alexflowers.lv\/wp-content\/uploads\/2025\/11\/\u0418\u0437\u043e\u0431\u0440\u0430\u0436\u0435\u043d\u0438\u0435-WhatsApp-2025-06-30-\u0432-10.23.36_946f7ca2.jpg","datePublished":"2025-06-30T09:20:33+00:00","dateModified":"2026-01-22T20:26:10+00:00","description":"Buy SAKHALIN from a peony nursery in Latvia. Carefully packed peony roots with delivery across Europe and Scandinavia.","breadcrumb":{"@id":"https:\/\/alexflowers.lv\/product\/sakhalin\/#breadcrumb"},"inLanguage":"lv-LV","potentialAction":[{"@type":"ReadAction","target":["https:\/\/alexflowers.lv\/product\/sakhalin\/"]}]},{"@type":"ImageObject","inLanguage":"lv-LV","@id":"https:\/\/alexflowers.lv\/product\/sakhalin\/#primaryimage","url":"https:\/\/alexflowers.lv\/wp-content\/uploads\/2025\/11\/\u0418\u0437\u043e\u0431\u0440\u0430\u0436\u0435\u043d\u0438\u0435-WhatsApp-2025-06-30-\u0432-10.23.36_946f7ca2.jpg","contentUrl":"https:\/\/alexflowers.lv\/wp-content\/uploads\/2025\/11\/\u0418\u0437\u043e\u0431\u0440\u0430\u0436\u0435\u043d\u0438\u0435-WhatsApp-2025-06-30-\u0432-10.23.36_946f7ca2.jpg","width":1600,"height":1200},{"@type":"BreadcrumbList","@id":"https:\/\/alexflowers.lv\/product\/sakhalin\/#breadcrumb","itemListElement":[{"@type":"ListItem","position":1,"name":"Home","item":"https:\/\/alexflowers.lv\/"},{"@type":"ListItem","position":2,"name":"Buy Peony Roots","item":"https:\/\/alexflowers.lv\/buy-peony-roots\/"},{"@type":"ListItem","position":3,"name":"SAKHALIN"}]},{"@type":"WebSite","@id":"https:\/\/alexflowers.lv\/#website","url":"https:\/\/alexflowers.lv\/","name":"Alex Flowers - Peony Nursery in Latvia","description":"We grow peonies in our nursery in Latvia with care for the plant and nature. New and rare varieties- carefully packed and delivered across Europe and Scandinavia.","publisher":{"@id":"https:\/\/alexflowers.lv\/#organization"},"potentialAction":[{"@type":"SearchAction","target":{"@type":"EntryPoint","urlTemplate":"https:\/\/alexflowers.lv\/?s={search_term_string}"},"query-input":{"@type":"PropertyValueSpecification","valueRequired":true,"valueName":"search_term_string"}}],"inLanguage":"lv-LV"},{"@type":"Organization","@id":"https:\/\/alexflowers.lv\/#organization","name":"Alex Flowers","url":"https:\/\/alexflowers.lv\/","logo":{"@type":"ImageObject","inLanguage":"lv-LV","@id":"https:\/\/alexflowers.lv\/#\/schema\/logo\/image\/","url":"https:\/\/mlapv6zzdrmm.i.optimole.com\/cb:mLu5.ec6\/w:450\/h:450\/q:mauto\/f:best\/https:\/\/alexflowers.lv\/wp-content\/uploads\/2025\/12\/FB-Logo-.jpg","contentUrl":"https:\/\/mlapv6zzdrmm.i.optimole.com\/cb:mLu5.ec6\/w:450\/h:450\/q:mauto\/f:best\/https:\/\/alexflowers.lv\/wp-content\/uploads\/2025\/12\/FB-Logo-.jpg","width":450,"height":450,"caption":"Alex Flowers"},"image":{"@id":"https:\/\/alexflowers.lv\/#\/schema\/logo\/image\/"},"sameAs":["https:\/\/www.facebook.com\/share\/1DUxfCw1sq\/?mibextid=wwXIfr"]}]}},"_links":{"self":[{"href":"https:\/\/alexflowers.lv\/lv\/wp-json\/wp\/v2\/product\/37329","targetHints":{"allow":["GET"]}}],"collection":[{"href":"https:\/\/alexflowers.lv\/lv\/wp-json\/wp\/v2\/product"}],"about":[{"href":"https:\/\/alexflowers.lv\/lv\/wp-json\/wp\/v2\/types\/product"}],"replies":[{"embeddable":true,"href":"https:\/\/alexflowers.lv\/lv\/wp-json\/wp\/v2\/comments?post=37329"}],"wp:featuredmedia":[{"embeddable":true,"href":"https:\/\/alexflowers.lv\/lv\/wp-json\/wp\/v2\/media\/37330"}],"wp:attachment":[{"href":"https:\/\/alexflowers.lv\/lv\/wp-json\/wp\/v2\/media?parent=37329"}],"wp:term":[{"taxonomy":"product_brand","embeddable":true,"href":"https:\/\/alexflowers.lv\/lv\/wp-json\/wp\/v2\/product_brand?post=37329"},{"taxonomy":"product_cat","embeddable":true,"href":"https:\/\/alexflowers.lv\/lv\/wp-json\/wp\/v2\/product_cat?post=37329"},{"taxonomy":"product_tag","embeddable":true,"href":"https:\/\/alexflowers.lv\/lv\/wp-json\/wp\/v2\/product_tag?post=37329"}],"curies":[{"name":"wp","href":"https:\/\/api.w.org\/{rel}","templated":true}]}}