{"id":31458,"date":"2021-02-28T10:39:11","date_gmt":"2021-02-28T10:39:11","guid":{"rendered":"https:\/\/alexflowers.lv\/newsite\/?post_type=product&#038;p=31458"},"modified":"2026-01-22T22:39:29","modified_gmt":"2026-01-22T20:39:29","slug":"vladimir-dubrov","status":"publish","type":"product","link":"https:\/\/alexflowers.lv\/lv\/products\/vladimir-dubrov\/","title":{"rendered":"VLADIMIR DUBROV"},"content":{"rendered":"<p><strong>Original name:<\/strong> \u0412\u041b\u0410\u0414\u0418\u041c\u0418\u0420 \u0414\u0423\u0411\u0420\u041e\u0412<\/p>\n<p><b>Color: <\/b>pink<\/p>\n<p><b>Classification:<\/b> lactiflora<\/p>\n<p><b>Flower shape:<\/b> double<\/p>\n<p><b>High: <\/b>100 \u0441\u043c<\/p>\n<p><b>Flower diameter:\u00a0<\/b> 20 cm<\/p>\n<p><b>Flowering time:<\/b> medium<\/p>","protected":false},"excerpt":{"rendered":"<p>Double rose-shaped, light pink.<br \/>\nThe stems are slender, sturdy.<br \/>\nAnatoly Skakodub named this variety after his Russian colleague Vladimir Dubrov.<\/p>\n<div class=\"text-base my-auto mx-auto pb-10 [--thread-content-margin:--spacing(4)] @w-sm\/main:[--thread-content-margin:--spacing(6)] @w-lg\/main:[--thread-content-margin:--spacing(16)] px-(--thread-content-margin)\">\n<div class=\"[--thread-content-max-width:40rem] @w-lg\/main:[--thread-content-max-width:48rem] mx-auto max-w-(--thread-content-max-width) flex-1 group\/turn-messages focus-visible:outline-hidden relative flex w-full min-w-0 flex-col agent-turn\" tabindex=\"-1\">\n<div class=\"flex max-w-full flex-col grow\">\n<div class=\"min-h-8 text-message relative flex w-full flex-col items-end gap-2 text-start break-words whitespace-normal [.text-message+&amp;]:mt-1\" dir=\"auto\" data-message-author-role=\"assistant\" data-message-id=\"8361eec5-7123-46ee-aaf7-7bfbf5fb3897\" data-message-model-slug=\"gpt-5-2\">\n<div class=\"flex w-full flex-col gap-1 empty:hidden first:pt-[1px]\">\n<div class=\"markdown prose dark:prose-invert w-full wrap-break-word dark markdown-new-styling\">\n<p data-start=\"0\" data-end=\"160\">Pild\u012bts, rozes formas, gai\u0161i roz\u0101 kr\u0101s\u0101.<br \/>\nStubl\u0101ji slaidi, bet stingri.<br \/>\nAnatolijs Skakodubs \u0161o \u0161\u0137irni nosaucis par godu savam krievu kol\u0113\u0123im Vladimiram Dubrovam.<\/p>\n<p data-start=\"162\" data-end=\"321\" data-is-last-node=\"\" data-is-only-node=\"\">\u041c\u0430\u0445\u0440\u043e\u0432\u044b\u0439, \u0440\u043e\u0437\u043e\u0432\u0438\u0434\u043d\u043e\u0439 \u0444\u043e\u0440\u043c\u044b, \u0441\u0432\u0435\u0442\u043b\u043e-\u0440\u043e\u0437\u043e\u0432\u044b\u0439.<br \/>\n\u0421\u0442\u0435\u0431\u043b\u0438 \u0442\u043e\u043d\u043a\u0438\u0435, \u043d\u043e \u043f\u0440\u043e\u0447\u043d\u044b\u0435.<br \/>\n\u0410\u043d\u0430\u0442\u043e\u043b\u0438\u0439 \u0421\u043a\u0430\u043a\u043e\u0434\u0443\u0431 \u043d\u0430\u0437\u0432\u0430\u043b \u044d\u0442\u043e\u0442 \u0441\u043e\u0440\u0442 \u0432 \u0447\u0435\u0441\u0442\u044c \u0441\u0432\u043e\u0435\u0433\u043e \u0440\u043e\u0441\u0441\u0438\u0439\u0441\u043a\u043e\u0433\u043e \u043a\u043e\u043b\u043b\u0435\u0433\u0438 \u0412\u043b\u0430\u0434\u0438\u043c\u0438\u0440\u0430 \u0414\u0443\u0431\u0440\u043e\u0432\u0430.<\/p>\n<\/div>\n<\/div>\n<\/div>\n<\/div>\n<\/div>\n<\/div>\n","protected":false},"featured_media":31459,"comment_status":"closed","ping_status":"closed","template":"","meta":{"_gspb_post_css":"","_themeisle_gutenberg_block_has_review":false},"product_brand":[],"product_cat":[432],"product_tag":[585],"class_list":{"0":"post-31458","1":"product","2":"type-product","3":"status-publish","4":"has-post-thumbnail","6":"product_cat-lactiflora","7":"product_tag-collection-favorites","8":"pa_hybridizer-anatoly-skakodub","10":"first","11":"outofstock","12":"shipping-taxable","13":"product-type-simple"},"ct_brands":[],"yoast_head":"<!-- This site is optimized with the Yoast SEO plugin v27.5 - https:\/\/yoast.com\/product\/yoast-seo-wordpress\/ -->\n<title>VLADIMIR DUBROV | Peony roots from Latvia<\/title>\n<meta name=\"description\" content=\"Buy VLADIMIR DUBROV from a peony nursery in Latvia. Carefully packed peony roots with delivery across Europe and Scandinavia.\" \/>\n<meta name=\"robots\" content=\"index, follow, max-snippet:-1, max-image-preview:large, max-video-preview:-1\" \/>\n<link rel=\"canonical\" href=\"https:\/\/alexflowers.lv\/lv\/products\/vladimir-dubrov\/\" \/>\n<meta property=\"og:locale\" content=\"lv_LV\" \/>\n<meta property=\"og:type\" content=\"article\" \/>\n<meta property=\"og:title\" content=\"VLADIMIR DUBROV | Peony roots from Latvia\" \/>\n<meta property=\"og:description\" content=\"Buy VLADIMIR DUBROV from a peony nursery in Latvia. Carefully packed peony roots with delivery across Europe and Scandinavia.\" \/>\n<meta property=\"og:url\" content=\"https:\/\/alexflowers.lv\/lv\/products\/vladimir-dubrov\/\" \/>\n<meta property=\"og:site_name\" content=\"Alex Flowers - Peony Nursery in Latvia\" \/>\n<meta property=\"article:publisher\" content=\"https:\/\/www.facebook.com\/share\/1DUxfCw1sq\/?mibextid=wwXIfr\" \/>\n<meta property=\"article:modified_time\" content=\"2026-01-22T20:39:29+00:00\" \/>\n<meta property=\"og:image\" content=\"https:\/\/alexflowers.lv\/wp-content\/uploads\/2025\/11\/IMG_3169.jpeg\" \/>\n\t<meta property=\"og:image:width\" content=\"2048\" \/>\n\t<meta property=\"og:image:height\" content=\"1536\" \/>\n\t<meta property=\"og:image:type\" content=\"image\/jpeg\" \/>\n<meta name=\"twitter:card\" content=\"summary_large_image\" \/>\n<meta name=\"twitter:label1\" content=\"Est. reading time\" \/>\n\t<meta name=\"twitter:data1\" content=\"1 min\u016bte\" \/>\n<script type=\"application\/ld+json\" class=\"yoast-schema-graph\">{\"@context\":\"https:\\\/\\\/schema.org\",\"@graph\":[{\"@type\":\"WebPage\",\"@id\":\"https:\\\/\\\/alexflowers.lv\\\/product\\\/vladimir-dubrov\\\/\",\"url\":\"https:\\\/\\\/alexflowers.lv\\\/product\\\/vladimir-dubrov\\\/\",\"name\":\"VLADIMIR DUBROV | Peony roots from Latvia\",\"isPartOf\":{\"@id\":\"https:\\\/\\\/alexflowers.lv\\\/#website\"},\"primaryImageOfPage\":{\"@id\":\"https:\\\/\\\/alexflowers.lv\\\/product\\\/vladimir-dubrov\\\/#primaryimage\"},\"image\":{\"@id\":\"https:\\\/\\\/alexflowers.lv\\\/product\\\/vladimir-dubrov\\\/#primaryimage\"},\"thumbnailUrl\":\"https:\\\/\\\/alexflowers.lv\\\/wp-content\\\/uploads\\\/2025\\\/11\\\/IMG_3169.jpeg\",\"datePublished\":\"2021-02-28T10:39:11+00:00\",\"dateModified\":\"2026-01-22T20:39:29+00:00\",\"description\":\"Buy VLADIMIR DUBROV from a peony nursery in Latvia. Carefully packed peony roots with delivery across Europe and Scandinavia.\",\"breadcrumb\":{\"@id\":\"https:\\\/\\\/alexflowers.lv\\\/product\\\/vladimir-dubrov\\\/#breadcrumb\"},\"inLanguage\":\"lv-LV\",\"potentialAction\":[{\"@type\":\"ReadAction\",\"target\":[\"https:\\\/\\\/alexflowers.lv\\\/product\\\/vladimir-dubrov\\\/\"]}]},{\"@type\":\"ImageObject\",\"inLanguage\":\"lv-LV\",\"@id\":\"https:\\\/\\\/alexflowers.lv\\\/product\\\/vladimir-dubrov\\\/#primaryimage\",\"url\":\"https:\\\/\\\/alexflowers.lv\\\/wp-content\\\/uploads\\\/2025\\\/11\\\/IMG_3169.jpeg\",\"contentUrl\":\"https:\\\/\\\/alexflowers.lv\\\/wp-content\\\/uploads\\\/2025\\\/11\\\/IMG_3169.jpeg\",\"width\":2048,\"height\":1536},{\"@type\":\"BreadcrumbList\",\"@id\":\"https:\\\/\\\/alexflowers.lv\\\/product\\\/vladimir-dubrov\\\/#breadcrumb\",\"itemListElement\":[{\"@type\":\"ListItem\",\"position\":1,\"name\":\"Home\",\"item\":\"https:\\\/\\\/alexflowers.lv\\\/\"},{\"@type\":\"ListItem\",\"position\":2,\"name\":\"Buy Peony Roots\",\"item\":\"https:\\\/\\\/alexflowers.lv\\\/buy-peony-roots\\\/\"},{\"@type\":\"ListItem\",\"position\":3,\"name\":\"VLADIMIR DUBROV\"}]},{\"@type\":\"WebSite\",\"@id\":\"https:\\\/\\\/alexflowers.lv\\\/#website\",\"url\":\"https:\\\/\\\/alexflowers.lv\\\/\",\"name\":\"Alex Flowers - Peony Nursery in Latvia\",\"description\":\"We grow peonies in our nursery in Latvia with care for the plant and nature. New and rare varieties- carefully packed and delivered across Europe and Scandinavia.\",\"publisher\":{\"@id\":\"https:\\\/\\\/alexflowers.lv\\\/#organization\"},\"potentialAction\":[{\"@type\":\"SearchAction\",\"target\":{\"@type\":\"EntryPoint\",\"urlTemplate\":\"https:\\\/\\\/alexflowers.lv\\\/?s={search_term_string}\"},\"query-input\":{\"@type\":\"PropertyValueSpecification\",\"valueRequired\":true,\"valueName\":\"search_term_string\"}}],\"inLanguage\":\"lv-LV\"},{\"@type\":\"Organization\",\"@id\":\"https:\\\/\\\/alexflowers.lv\\\/#organization\",\"name\":\"Alex Flowers\",\"url\":\"https:\\\/\\\/alexflowers.lv\\\/\",\"logo\":{\"@type\":\"ImageObject\",\"inLanguage\":\"lv-LV\",\"@id\":\"https:\\\/\\\/alexflowers.lv\\\/#\\\/schema\\\/logo\\\/image\\\/\",\"url\":\"https:\\\/\\\/mlapv6zzdrmm.i.optimole.com\\\/cb:mLu5.ec6\\\/w:450\\\/h:450\\\/q:mauto\\\/f:best\\\/https:\\\/\\\/alexflowers.lv\\\/wp-content\\\/uploads\\\/2025\\\/12\\\/FB-Logo-.jpg\",\"contentUrl\":\"https:\\\/\\\/mlapv6zzdrmm.i.optimole.com\\\/cb:mLu5.ec6\\\/w:450\\\/h:450\\\/q:mauto\\\/f:best\\\/https:\\\/\\\/alexflowers.lv\\\/wp-content\\\/uploads\\\/2025\\\/12\\\/FB-Logo-.jpg\",\"width\":450,\"height\":450,\"caption\":\"Alex Flowers\"},\"image\":{\"@id\":\"https:\\\/\\\/alexflowers.lv\\\/#\\\/schema\\\/logo\\\/image\\\/\"},\"sameAs\":[\"https:\\\/\\\/www.facebook.com\\\/share\\\/1DUxfCw1sq\\\/?mibextid=wwXIfr\"]}]}<\/script>\n<!-- \/ Yoast SEO plugin. -->","yoast_head_json":{"title":"VLADIMIR DUBROV | Peony roots from Latvia","description":"Buy VLADIMIR DUBROV from a peony nursery in Latvia. Carefully packed peony roots with delivery across Europe and Scandinavia.","robots":{"index":"index","follow":"follow","max-snippet":"max-snippet:-1","max-image-preview":"max-image-preview:large","max-video-preview":"max-video-preview:-1"},"canonical":"https:\/\/alexflowers.lv\/lv\/products\/vladimir-dubrov\/","og_locale":"lv_LV","og_type":"article","og_title":"VLADIMIR DUBROV | Peony roots from Latvia","og_description":"Buy VLADIMIR DUBROV from a peony nursery in Latvia. Carefully packed peony roots with delivery across Europe and Scandinavia.","og_url":"https:\/\/alexflowers.lv\/lv\/products\/vladimir-dubrov\/","og_site_name":"Alex Flowers - Peony Nursery in Latvia","article_publisher":"https:\/\/www.facebook.com\/share\/1DUxfCw1sq\/?mibextid=wwXIfr","article_modified_time":"2026-01-22T20:39:29+00:00","og_image":[{"width":2048,"height":1536,"url":"https:\/\/alexflowers.lv\/wp-content\/uploads\/2025\/11\/IMG_3169.jpeg","type":"image\/jpeg"}],"twitter_card":"summary_large_image","twitter_misc":{"Est. reading time":"1 min\u016bte"},"schema":{"@context":"https:\/\/schema.org","@graph":[{"@type":"WebPage","@id":"https:\/\/alexflowers.lv\/product\/vladimir-dubrov\/","url":"https:\/\/alexflowers.lv\/product\/vladimir-dubrov\/","name":"VLADIMIR DUBROV | Peony roots from Latvia","isPartOf":{"@id":"https:\/\/alexflowers.lv\/#website"},"primaryImageOfPage":{"@id":"https:\/\/alexflowers.lv\/product\/vladimir-dubrov\/#primaryimage"},"image":{"@id":"https:\/\/alexflowers.lv\/product\/vladimir-dubrov\/#primaryimage"},"thumbnailUrl":"https:\/\/alexflowers.lv\/wp-content\/uploads\/2025\/11\/IMG_3169.jpeg","datePublished":"2021-02-28T10:39:11+00:00","dateModified":"2026-01-22T20:39:29+00:00","description":"Buy VLADIMIR DUBROV from a peony nursery in Latvia. Carefully packed peony roots with delivery across Europe and Scandinavia.","breadcrumb":{"@id":"https:\/\/alexflowers.lv\/product\/vladimir-dubrov\/#breadcrumb"},"inLanguage":"lv-LV","potentialAction":[{"@type":"ReadAction","target":["https:\/\/alexflowers.lv\/product\/vladimir-dubrov\/"]}]},{"@type":"ImageObject","inLanguage":"lv-LV","@id":"https:\/\/alexflowers.lv\/product\/vladimir-dubrov\/#primaryimage","url":"https:\/\/alexflowers.lv\/wp-content\/uploads\/2025\/11\/IMG_3169.jpeg","contentUrl":"https:\/\/alexflowers.lv\/wp-content\/uploads\/2025\/11\/IMG_3169.jpeg","width":2048,"height":1536},{"@type":"BreadcrumbList","@id":"https:\/\/alexflowers.lv\/product\/vladimir-dubrov\/#breadcrumb","itemListElement":[{"@type":"ListItem","position":1,"name":"Home","item":"https:\/\/alexflowers.lv\/"},{"@type":"ListItem","position":2,"name":"Buy Peony Roots","item":"https:\/\/alexflowers.lv\/buy-peony-roots\/"},{"@type":"ListItem","position":3,"name":"VLADIMIR DUBROV"}]},{"@type":"WebSite","@id":"https:\/\/alexflowers.lv\/#website","url":"https:\/\/alexflowers.lv\/","name":"Alex Flowers - Peony Nursery in Latvia","description":"We grow peonies in our nursery in Latvia with care for the plant and nature. New and rare varieties- carefully packed and delivered across Europe and Scandinavia.","publisher":{"@id":"https:\/\/alexflowers.lv\/#organization"},"potentialAction":[{"@type":"SearchAction","target":{"@type":"EntryPoint","urlTemplate":"https:\/\/alexflowers.lv\/?s={search_term_string}"},"query-input":{"@type":"PropertyValueSpecification","valueRequired":true,"valueName":"search_term_string"}}],"inLanguage":"lv-LV"},{"@type":"Organization","@id":"https:\/\/alexflowers.lv\/#organization","name":"Alex Flowers","url":"https:\/\/alexflowers.lv\/","logo":{"@type":"ImageObject","inLanguage":"lv-LV","@id":"https:\/\/alexflowers.lv\/#\/schema\/logo\/image\/","url":"https:\/\/mlapv6zzdrmm.i.optimole.com\/cb:mLu5.ec6\/w:450\/h:450\/q:mauto\/f:best\/https:\/\/alexflowers.lv\/wp-content\/uploads\/2025\/12\/FB-Logo-.jpg","contentUrl":"https:\/\/mlapv6zzdrmm.i.optimole.com\/cb:mLu5.ec6\/w:450\/h:450\/q:mauto\/f:best\/https:\/\/alexflowers.lv\/wp-content\/uploads\/2025\/12\/FB-Logo-.jpg","width":450,"height":450,"caption":"Alex Flowers"},"image":{"@id":"https:\/\/alexflowers.lv\/#\/schema\/logo\/image\/"},"sameAs":["https:\/\/www.facebook.com\/share\/1DUxfCw1sq\/?mibextid=wwXIfr"]}]}},"_links":{"self":[{"href":"https:\/\/alexflowers.lv\/lv\/wp-json\/wp\/v2\/product\/31458","targetHints":{"allow":["GET"]}}],"collection":[{"href":"https:\/\/alexflowers.lv\/lv\/wp-json\/wp\/v2\/product"}],"about":[{"href":"https:\/\/alexflowers.lv\/lv\/wp-json\/wp\/v2\/types\/product"}],"replies":[{"embeddable":true,"href":"https:\/\/alexflowers.lv\/lv\/wp-json\/wp\/v2\/comments?post=31458"}],"wp:featuredmedia":[{"embeddable":true,"href":"https:\/\/alexflowers.lv\/lv\/wp-json\/wp\/v2\/media\/31459"}],"wp:attachment":[{"href":"https:\/\/alexflowers.lv\/lv\/wp-json\/wp\/v2\/media?parent=31458"}],"wp:term":[{"taxonomy":"product_brand","embeddable":true,"href":"https:\/\/alexflowers.lv\/lv\/wp-json\/wp\/v2\/product_brand?post=31458"},{"taxonomy":"product_cat","embeddable":true,"href":"https:\/\/alexflowers.lv\/lv\/wp-json\/wp\/v2\/product_cat?post=31458"},{"taxonomy":"product_tag","embeddable":true,"href":"https:\/\/alexflowers.lv\/lv\/wp-json\/wp\/v2\/product_tag?post=31458"}],"curies":[{"name":"wp","href":"https:\/\/api.w.org\/{rel}","templated":true}]}}