{"id":22734,"date":"2021-02-27T22:02:53","date_gmt":"2021-02-27T22:02:53","guid":{"rendered":"https:\/\/alexflowers.lv\/newsite\/?post_type=product&#038;p=22734"},"modified":"2026-05-10T12:28:17","modified_gmt":"2026-05-10T09:28:17","slug":"carl-g-klehm","status":"publish","type":"product","link":"https:\/\/alexflowers.lv\/lv\/products\/carl-g-klehm\/","title":{"rendered":"CARL G KLEHM"},"content":{"rendered":"<p><b>Color: <\/b>cream-white<\/p>\n<p><b>Classification:<\/b> lactiflora<\/p>\n<p><b>Flower shape:<\/b> double rose-shaped<\/p>\n<p><b>Height<\/b>: 90 cm<\/p>\n<p><b>Flower Diameter: <\/b>18 cm<\/p>\n<p><b>Flowering time<\/b>: medium<\/p>","protected":false},"excerpt":{"rendered":"<p>Pla\u0161i paz\u012bstama peonija ar ilgu v\u0113sturi kop\u0161 20. gadsimta 80. gadu vidus, ta\u010du ofici\u0101li nav re\u0123istr\u0113ta.<br \/>\nStubl\u0101ji ir sp\u0113c\u012bgi. N\u012bderland\u0113 \u013coti augstu nov\u0113rt\u0113ta k\u0101 viena no lab\u0101kaj\u0101m \u0161\u0137irn\u0113m grieztiem ziediem.<br \/>\nNosaukta selekcion\u0101ra t\u0113va v\u0101rd\u0101, \u0161\u012b skaist\u0101 \u0161\u0137irne ir \u013coti pievilc\u012bga un cien\u012bgi iem\u016b\u017eina vi\u0146a piemi\u0146u.<\/p>","protected":false},"featured_media":22735,"comment_status":"closed","ping_status":"closed","template":"","meta":{"_gspb_post_css":"","_themeisle_gutenberg_block_has_review":false},"product_brand":[],"product_cat":[432,578],"product_tag":[],"class_list":{"0":"post-22734","1":"product","2":"type-product","3":"status-publish","4":"has-post-thumbnail","6":"product_cat-lactiflora","7":"product_cat-promoted","8":"pa_hybridizer-klehm","10":"first","11":"instock","12":"shipping-taxable","13":"purchasable","14":"product-type-simple"},"ct_brands":[],"yoast_head":"<!-- This site is optimized with the Yoast SEO plugin v27.5 - https:\/\/yoast.com\/product\/yoast-seo-wordpress\/ -->\n<title>CARL G KLEHM | Peony roots from Latvia<\/title>\n<meta name=\"description\" content=\"Buy CARL G KLEHM from a peony nursery in Latvia. Carefully packed peony roots with delivery across Europe and Scandinavia.\" \/>\n<meta name=\"robots\" content=\"index, follow, max-snippet:-1, max-image-preview:large, max-video-preview:-1\" \/>\n<link rel=\"canonical\" href=\"https:\/\/alexflowers.lv\/lv\/products\/carl-g-klehm\/\" \/>\n<meta property=\"og:locale\" content=\"lv_LV\" \/>\n<meta property=\"og:type\" content=\"article\" \/>\n<meta property=\"og:title\" content=\"CARL G KLEHM | Peony roots from Latvia\" \/>\n<meta property=\"og:description\" content=\"Buy CARL G KLEHM from a peony nursery in Latvia. Carefully packed peony roots with delivery across Europe and Scandinavia.\" \/>\n<meta property=\"og:url\" content=\"https:\/\/alexflowers.lv\/lv\/products\/carl-g-klehm\/\" \/>\n<meta property=\"og:site_name\" content=\"Alex Flowers - Peony Nursery in Latvia\" \/>\n<meta property=\"article:publisher\" content=\"https:\/\/www.facebook.com\/share\/1DUxfCw1sq\/?mibextid=wwXIfr\" \/>\n<meta property=\"article:modified_time\" content=\"2026-05-10T09:28:17+00:00\" \/>\n<meta property=\"og:image\" content=\"https:\/\/alexflowers.lv\/wp-content\/uploads\/2025\/11\/img_63391-scaled-1.jpg\" \/>\n\t<meta property=\"og:image:width\" content=\"2560\" \/>\n\t<meta property=\"og:image:height\" content=\"1920\" \/>\n\t<meta property=\"og:image:type\" content=\"image\/jpeg\" \/>\n<meta name=\"twitter:card\" content=\"summary_large_image\" \/>\n<meta name=\"twitter:label1\" content=\"Est. reading time\" \/>\n\t<meta name=\"twitter:data1\" content=\"1 min\u016bte\" \/>\n<script type=\"application\/ld+json\" class=\"yoast-schema-graph\">{\"@context\":\"https:\\\/\\\/schema.org\",\"@graph\":[{\"@type\":\"WebPage\",\"@id\":\"https:\\\/\\\/alexflowers.lv\\\/product\\\/carl-g-klehm\\\/\",\"url\":\"https:\\\/\\\/alexflowers.lv\\\/product\\\/carl-g-klehm\\\/\",\"name\":\"CARL G KLEHM | Peony roots from Latvia\",\"isPartOf\":{\"@id\":\"https:\\\/\\\/alexflowers.lv\\\/#website\"},\"primaryImageOfPage\":{\"@id\":\"https:\\\/\\\/alexflowers.lv\\\/product\\\/carl-g-klehm\\\/#primaryimage\"},\"image\":{\"@id\":\"https:\\\/\\\/alexflowers.lv\\\/product\\\/carl-g-klehm\\\/#primaryimage\"},\"thumbnailUrl\":\"https:\\\/\\\/alexflowers.lv\\\/wp-content\\\/uploads\\\/2025\\\/11\\\/img_63391-scaled-1.jpg\",\"datePublished\":\"2021-02-27T22:02:53+00:00\",\"dateModified\":\"2026-05-10T09:28:17+00:00\",\"description\":\"Buy CARL G KLEHM from a peony nursery in Latvia. Carefully packed peony roots with delivery across Europe and Scandinavia.\",\"breadcrumb\":{\"@id\":\"https:\\\/\\\/alexflowers.lv\\\/product\\\/carl-g-klehm\\\/#breadcrumb\"},\"inLanguage\":\"lv-LV\",\"potentialAction\":[{\"@type\":\"ReadAction\",\"target\":[\"https:\\\/\\\/alexflowers.lv\\\/product\\\/carl-g-klehm\\\/\"]}]},{\"@type\":\"ImageObject\",\"inLanguage\":\"lv-LV\",\"@id\":\"https:\\\/\\\/alexflowers.lv\\\/product\\\/carl-g-klehm\\\/#primaryimage\",\"url\":\"https:\\\/\\\/alexflowers.lv\\\/wp-content\\\/uploads\\\/2025\\\/11\\\/img_63391-scaled-1.jpg\",\"contentUrl\":\"https:\\\/\\\/alexflowers.lv\\\/wp-content\\\/uploads\\\/2025\\\/11\\\/img_63391-scaled-1.jpg\",\"width\":2560,\"height\":1920},{\"@type\":\"BreadcrumbList\",\"@id\":\"https:\\\/\\\/alexflowers.lv\\\/product\\\/carl-g-klehm\\\/#breadcrumb\",\"itemListElement\":[{\"@type\":\"ListItem\",\"position\":1,\"name\":\"Home\",\"item\":\"https:\\\/\\\/alexflowers.lv\\\/\"},{\"@type\":\"ListItem\",\"position\":2,\"name\":\"Buy Peony Roots\",\"item\":\"https:\\\/\\\/alexflowers.lv\\\/buy-peony-roots\\\/\"},{\"@type\":\"ListItem\",\"position\":3,\"name\":\"CARL G KLEHM\"}]},{\"@type\":\"WebSite\",\"@id\":\"https:\\\/\\\/alexflowers.lv\\\/#website\",\"url\":\"https:\\\/\\\/alexflowers.lv\\\/\",\"name\":\"Alex Flowers - Peony Nursery in Latvia\",\"description\":\"We grow peonies in our nursery in Latvia with care for the plant and nature. New and rare varieties- carefully packed and delivered across Europe and Scandinavia.\",\"publisher\":{\"@id\":\"https:\\\/\\\/alexflowers.lv\\\/#organization\"},\"potentialAction\":[{\"@type\":\"SearchAction\",\"target\":{\"@type\":\"EntryPoint\",\"urlTemplate\":\"https:\\\/\\\/alexflowers.lv\\\/?s={search_term_string}\"},\"query-input\":{\"@type\":\"PropertyValueSpecification\",\"valueRequired\":true,\"valueName\":\"search_term_string\"}}],\"inLanguage\":\"lv-LV\"},{\"@type\":\"Organization\",\"@id\":\"https:\\\/\\\/alexflowers.lv\\\/#organization\",\"name\":\"Alex Flowers\",\"url\":\"https:\\\/\\\/alexflowers.lv\\\/\",\"logo\":{\"@type\":\"ImageObject\",\"inLanguage\":\"lv-LV\",\"@id\":\"https:\\\/\\\/alexflowers.lv\\\/#\\\/schema\\\/logo\\\/image\\\/\",\"url\":\"https:\\\/\\\/mlapv6zzdrmm.i.optimole.com\\\/cb:mLu5.ec6\\\/w:450\\\/h:450\\\/q:mauto\\\/f:best\\\/https:\\\/\\\/alexflowers.lv\\\/wp-content\\\/uploads\\\/2025\\\/12\\\/FB-Logo-.jpg\",\"contentUrl\":\"https:\\\/\\\/mlapv6zzdrmm.i.optimole.com\\\/cb:mLu5.ec6\\\/w:450\\\/h:450\\\/q:mauto\\\/f:best\\\/https:\\\/\\\/alexflowers.lv\\\/wp-content\\\/uploads\\\/2025\\\/12\\\/FB-Logo-.jpg\",\"width\":450,\"height\":450,\"caption\":\"Alex Flowers\"},\"image\":{\"@id\":\"https:\\\/\\\/alexflowers.lv\\\/#\\\/schema\\\/logo\\\/image\\\/\"},\"sameAs\":[\"https:\\\/\\\/www.facebook.com\\\/share\\\/1DUxfCw1sq\\\/?mibextid=wwXIfr\"]}]}<\/script>\n<!-- \/ Yoast SEO plugin. -->","yoast_head_json":{"title":"CARL G KLEHM | Peony roots from Latvia","description":"Buy CARL G KLEHM from a peony nursery in Latvia. Carefully packed peony roots with delivery across Europe and Scandinavia.","robots":{"index":"index","follow":"follow","max-snippet":"max-snippet:-1","max-image-preview":"max-image-preview:large","max-video-preview":"max-video-preview:-1"},"canonical":"https:\/\/alexflowers.lv\/lv\/products\/carl-g-klehm\/","og_locale":"lv_LV","og_type":"article","og_title":"CARL G KLEHM | Peony roots from Latvia","og_description":"Buy CARL G KLEHM from a peony nursery in Latvia. Carefully packed peony roots with delivery across Europe and Scandinavia.","og_url":"https:\/\/alexflowers.lv\/lv\/products\/carl-g-klehm\/","og_site_name":"Alex Flowers - Peony Nursery in Latvia","article_publisher":"https:\/\/www.facebook.com\/share\/1DUxfCw1sq\/?mibextid=wwXIfr","article_modified_time":"2026-05-10T09:28:17+00:00","og_image":[{"width":2560,"height":1920,"url":"https:\/\/alexflowers.lv\/wp-content\/uploads\/2025\/11\/img_63391-scaled-1.jpg","type":"image\/jpeg"}],"twitter_card":"summary_large_image","twitter_misc":{"Est. reading time":"1 min\u016bte"},"schema":{"@context":"https:\/\/schema.org","@graph":[{"@type":"WebPage","@id":"https:\/\/alexflowers.lv\/product\/carl-g-klehm\/","url":"https:\/\/alexflowers.lv\/product\/carl-g-klehm\/","name":"CARL G KLEHM | Peony roots from Latvia","isPartOf":{"@id":"https:\/\/alexflowers.lv\/#website"},"primaryImageOfPage":{"@id":"https:\/\/alexflowers.lv\/product\/carl-g-klehm\/#primaryimage"},"image":{"@id":"https:\/\/alexflowers.lv\/product\/carl-g-klehm\/#primaryimage"},"thumbnailUrl":"https:\/\/alexflowers.lv\/wp-content\/uploads\/2025\/11\/img_63391-scaled-1.jpg","datePublished":"2021-02-27T22:02:53+00:00","dateModified":"2026-05-10T09:28:17+00:00","description":"Buy CARL G KLEHM from a peony nursery in Latvia. Carefully packed peony roots with delivery across Europe and Scandinavia.","breadcrumb":{"@id":"https:\/\/alexflowers.lv\/product\/carl-g-klehm\/#breadcrumb"},"inLanguage":"lv-LV","potentialAction":[{"@type":"ReadAction","target":["https:\/\/alexflowers.lv\/product\/carl-g-klehm\/"]}]},{"@type":"ImageObject","inLanguage":"lv-LV","@id":"https:\/\/alexflowers.lv\/product\/carl-g-klehm\/#primaryimage","url":"https:\/\/alexflowers.lv\/wp-content\/uploads\/2025\/11\/img_63391-scaled-1.jpg","contentUrl":"https:\/\/alexflowers.lv\/wp-content\/uploads\/2025\/11\/img_63391-scaled-1.jpg","width":2560,"height":1920},{"@type":"BreadcrumbList","@id":"https:\/\/alexflowers.lv\/product\/carl-g-klehm\/#breadcrumb","itemListElement":[{"@type":"ListItem","position":1,"name":"Home","item":"https:\/\/alexflowers.lv\/"},{"@type":"ListItem","position":2,"name":"Buy Peony Roots","item":"https:\/\/alexflowers.lv\/buy-peony-roots\/"},{"@type":"ListItem","position":3,"name":"CARL G KLEHM"}]},{"@type":"WebSite","@id":"https:\/\/alexflowers.lv\/#website","url":"https:\/\/alexflowers.lv\/","name":"Alex Flowers - Peony Nursery in Latvia","description":"We grow peonies in our nursery in Latvia with care for the plant and nature. New and rare varieties- carefully packed and delivered across Europe and Scandinavia.","publisher":{"@id":"https:\/\/alexflowers.lv\/#organization"},"potentialAction":[{"@type":"SearchAction","target":{"@type":"EntryPoint","urlTemplate":"https:\/\/alexflowers.lv\/?s={search_term_string}"},"query-input":{"@type":"PropertyValueSpecification","valueRequired":true,"valueName":"search_term_string"}}],"inLanguage":"lv-LV"},{"@type":"Organization","@id":"https:\/\/alexflowers.lv\/#organization","name":"Alex Flowers","url":"https:\/\/alexflowers.lv\/","logo":{"@type":"ImageObject","inLanguage":"lv-LV","@id":"https:\/\/alexflowers.lv\/#\/schema\/logo\/image\/","url":"https:\/\/mlapv6zzdrmm.i.optimole.com\/cb:mLu5.ec6\/w:450\/h:450\/q:mauto\/f:best\/https:\/\/alexflowers.lv\/wp-content\/uploads\/2025\/12\/FB-Logo-.jpg","contentUrl":"https:\/\/mlapv6zzdrmm.i.optimole.com\/cb:mLu5.ec6\/w:450\/h:450\/q:mauto\/f:best\/https:\/\/alexflowers.lv\/wp-content\/uploads\/2025\/12\/FB-Logo-.jpg","width":450,"height":450,"caption":"Alex Flowers"},"image":{"@id":"https:\/\/alexflowers.lv\/#\/schema\/logo\/image\/"},"sameAs":["https:\/\/www.facebook.com\/share\/1DUxfCw1sq\/?mibextid=wwXIfr"]}]}},"_links":{"self":[{"href":"https:\/\/alexflowers.lv\/lv\/wp-json\/wp\/v2\/product\/22734","targetHints":{"allow":["GET"]}}],"collection":[{"href":"https:\/\/alexflowers.lv\/lv\/wp-json\/wp\/v2\/product"}],"about":[{"href":"https:\/\/alexflowers.lv\/lv\/wp-json\/wp\/v2\/types\/product"}],"replies":[{"embeddable":true,"href":"https:\/\/alexflowers.lv\/lv\/wp-json\/wp\/v2\/comments?post=22734"}],"wp:featuredmedia":[{"embeddable":true,"href":"https:\/\/alexflowers.lv\/lv\/wp-json\/wp\/v2\/media\/22735"}],"wp:attachment":[{"href":"https:\/\/alexflowers.lv\/lv\/wp-json\/wp\/v2\/media?parent=22734"}],"wp:term":[{"taxonomy":"product_brand","embeddable":true,"href":"https:\/\/alexflowers.lv\/lv\/wp-json\/wp\/v2\/product_brand?post=22734"},{"taxonomy":"product_cat","embeddable":true,"href":"https:\/\/alexflowers.lv\/lv\/wp-json\/wp\/v2\/product_cat?post=22734"},{"taxonomy":"product_tag","embeddable":true,"href":"https:\/\/alexflowers.lv\/lv\/wp-json\/wp\/v2\/product_tag?post=22734"}],"curies":[{"name":"wp","href":"https:\/\/api.w.org\/{rel}","templated":true}]}}