{"id":11415,"date":"2021-02-28T10:39:16","date_gmt":"2021-02-28T10:39:16","guid":{"rendered":"https:\/\/alexflowers.lv\/newsite\/?post_type=product&#038;p=11415"},"modified":"2026-01-19T10:52:16","modified_gmt":"2026-01-19T08:52:16","slug":"krasa-moego-sada","status":"publish","type":"product","link":"https:\/\/alexflowers.lv\/lv\/products\/krasa-moego-sada\/","title":{"rendered":"KRASA MOEGO SADA"},"content":{"rendered":"<p><strong>Original name:\u00a0<\/strong>\u041a\u0420\u0410\u0421\u0410 \u041c\u041e\u0415\u0413\u041e \u0421\u0410\u0414\u0410<\/p>\n<p><strong>Name meaning:<\/strong> The beauty of my garden<\/p>\n<p><b>Color:<\/b> pink-lilac<\/p>\n<p><b>Classification:<\/b> lactiflora<\/p>\n<p><b>Flower shape:<\/b> double, rose-shaped, regular shape<\/p>\n<p><b>Height:<\/b> 90 cm<\/p>\n<p><b>Flower diameter:<\/b> 17 cm<\/p>\n<p><b>Flowering time:<\/b> medium-late<\/p>","protected":false},"excerpt":{"rendered":"<p>The stems are strong and do not droop.<br \/>\nArom\u0101ts ir v\u0101j\u0161.<\/p>\n<p data-start=\"0\" data-end=\"49\">K\u0101ti ir stingri un nenoliecas.<br data-start=\"30\" data-end=\"33\" \/>Arom\u0101ts ir v\u0101j\u0161.<\/p>\n<p data-start=\"51\" data-end=\"97\" data-is-last-node=\"\" data-is-only-node=\"\">\u0421\u0442\u0435\u0431\u043b\u0438 \u043a\u0440\u0435\u043f\u043a\u0438\u0435 \u0438 \u043d\u0435 \u043f\u043e\u043d\u0438\u043a\u0430\u044e\u0442.<br data-start=\"80\" data-end=\"83\" \/>\u0410\u0440\u043e\u043c\u0430\u0442 \u0441\u043b\u0430\u0431\u044b\u0439.<\/p>","protected":false},"featured_media":11416,"comment_status":"closed","ping_status":"closed","template":"","meta":{"_gspb_post_css":"","_themeisle_gutenberg_block_has_review":false},"product_brand":[],"product_cat":[432],"product_tag":[585,583],"class_list":{"0":"post-11415","1":"product","2":"type-product","3":"status-publish","4":"has-post-thumbnail","6":"product_cat-lactiflora","7":"product_tag-collection-favorites","8":"product_tag-perfect-for-the-garden","9":"pa_hybridizer-larisa-skakodub","11":"first","12":"outofstock","13":"shipping-taxable","14":"product-type-simple"},"ct_brands":[],"yoast_head":"<!-- This site is optimized with the Yoast SEO plugin v27.5 - https:\/\/yoast.com\/product\/yoast-seo-wordpress\/ -->\n<title>KRASA MOEGO SADA | Peony roots from Latvia<\/title>\n<meta name=\"description\" content=\"Buy KRASA MOEGO SADA from a peony nursery in Latvia. Carefully packed peony roots with delivery across Europe and Scandinavia.\" \/>\n<meta name=\"robots\" content=\"index, follow, max-snippet:-1, max-image-preview:large, max-video-preview:-1\" \/>\n<link rel=\"canonical\" href=\"https:\/\/alexflowers.lv\/lv\/products\/krasa-moego-sada\/\" \/>\n<meta property=\"og:locale\" content=\"lv_LV\" \/>\n<meta property=\"og:type\" content=\"article\" \/>\n<meta property=\"og:title\" content=\"KRASA MOEGO SADA | Peony roots from Latvia\" \/>\n<meta property=\"og:description\" content=\"Buy KRASA MOEGO SADA from a peony nursery in Latvia. Carefully packed peony roots with delivery across Europe and Scandinavia.\" \/>\n<meta property=\"og:url\" content=\"https:\/\/alexflowers.lv\/lv\/products\/krasa-moego-sada\/\" \/>\n<meta property=\"og:site_name\" content=\"Alex Flowers - Peony Nursery in Latvia\" \/>\n<meta property=\"article:publisher\" content=\"https:\/\/www.facebook.com\/share\/1DUxfCw1sq\/?mibextid=wwXIfr\" \/>\n<meta property=\"article:modified_time\" content=\"2026-01-19T08:52:16+00:00\" \/>\n<meta property=\"og:image\" content=\"https:\/\/alexflowers.lv\/wp-content\/uploads\/2025\/11\/IMG_2358.jpeg\" \/>\n\t<meta property=\"og:image:width\" content=\"2048\" \/>\n\t<meta property=\"og:image:height\" content=\"1536\" \/>\n\t<meta property=\"og:image:type\" content=\"image\/jpeg\" \/>\n<meta name=\"twitter:card\" content=\"summary_large_image\" \/>\n<meta name=\"twitter:label1\" content=\"Est. reading time\" \/>\n\t<meta name=\"twitter:data1\" content=\"1 min\u016bte\" \/>\n<script type=\"application\/ld+json\" class=\"yoast-schema-graph\">{\"@context\":\"https:\\\/\\\/schema.org\",\"@graph\":[{\"@type\":\"WebPage\",\"@id\":\"https:\\\/\\\/alexflowers.lv\\\/product\\\/krasa-moego-sada\\\/\",\"url\":\"https:\\\/\\\/alexflowers.lv\\\/product\\\/krasa-moego-sada\\\/\",\"name\":\"KRASA MOEGO SADA | Peony roots from Latvia\",\"isPartOf\":{\"@id\":\"https:\\\/\\\/alexflowers.lv\\\/#website\"},\"primaryImageOfPage\":{\"@id\":\"https:\\\/\\\/alexflowers.lv\\\/product\\\/krasa-moego-sada\\\/#primaryimage\"},\"image\":{\"@id\":\"https:\\\/\\\/alexflowers.lv\\\/product\\\/krasa-moego-sada\\\/#primaryimage\"},\"thumbnailUrl\":\"https:\\\/\\\/alexflowers.lv\\\/wp-content\\\/uploads\\\/2025\\\/11\\\/IMG_2358.jpeg\",\"datePublished\":\"2021-02-28T10:39:16+00:00\",\"dateModified\":\"2026-01-19T08:52:16+00:00\",\"description\":\"Buy KRASA MOEGO SADA from a peony nursery in Latvia. Carefully packed peony roots with delivery across Europe and Scandinavia.\",\"breadcrumb\":{\"@id\":\"https:\\\/\\\/alexflowers.lv\\\/product\\\/krasa-moego-sada\\\/#breadcrumb\"},\"inLanguage\":\"lv-LV\",\"potentialAction\":[{\"@type\":\"ReadAction\",\"target\":[\"https:\\\/\\\/alexflowers.lv\\\/product\\\/krasa-moego-sada\\\/\"]}]},{\"@type\":\"ImageObject\",\"inLanguage\":\"lv-LV\",\"@id\":\"https:\\\/\\\/alexflowers.lv\\\/product\\\/krasa-moego-sada\\\/#primaryimage\",\"url\":\"https:\\\/\\\/alexflowers.lv\\\/wp-content\\\/uploads\\\/2025\\\/11\\\/IMG_2358.jpeg\",\"contentUrl\":\"https:\\\/\\\/alexflowers.lv\\\/wp-content\\\/uploads\\\/2025\\\/11\\\/IMG_2358.jpeg\",\"width\":2048,\"height\":1536},{\"@type\":\"BreadcrumbList\",\"@id\":\"https:\\\/\\\/alexflowers.lv\\\/product\\\/krasa-moego-sada\\\/#breadcrumb\",\"itemListElement\":[{\"@type\":\"ListItem\",\"position\":1,\"name\":\"Home\",\"item\":\"https:\\\/\\\/alexflowers.lv\\\/\"},{\"@type\":\"ListItem\",\"position\":2,\"name\":\"Buy Peony Roots\",\"item\":\"https:\\\/\\\/alexflowers.lv\\\/buy-peony-roots\\\/\"},{\"@type\":\"ListItem\",\"position\":3,\"name\":\"KRASA MOEGO SADA\"}]},{\"@type\":\"WebSite\",\"@id\":\"https:\\\/\\\/alexflowers.lv\\\/#website\",\"url\":\"https:\\\/\\\/alexflowers.lv\\\/\",\"name\":\"Alex Flowers - Peony Nursery in Latvia\",\"description\":\"We grow peonies in our nursery in Latvia with care for the plant and nature. New and rare varieties- carefully packed and delivered across Europe and Scandinavia.\",\"publisher\":{\"@id\":\"https:\\\/\\\/alexflowers.lv\\\/#organization\"},\"potentialAction\":[{\"@type\":\"SearchAction\",\"target\":{\"@type\":\"EntryPoint\",\"urlTemplate\":\"https:\\\/\\\/alexflowers.lv\\\/?s={search_term_string}\"},\"query-input\":{\"@type\":\"PropertyValueSpecification\",\"valueRequired\":true,\"valueName\":\"search_term_string\"}}],\"inLanguage\":\"lv-LV\"},{\"@type\":\"Organization\",\"@id\":\"https:\\\/\\\/alexflowers.lv\\\/#organization\",\"name\":\"Alex Flowers\",\"url\":\"https:\\\/\\\/alexflowers.lv\\\/\",\"logo\":{\"@type\":\"ImageObject\",\"inLanguage\":\"lv-LV\",\"@id\":\"https:\\\/\\\/alexflowers.lv\\\/#\\\/schema\\\/logo\\\/image\\\/\",\"url\":\"https:\\\/\\\/mlapv6zzdrmm.i.optimole.com\\\/cb:mLu5.ec6\\\/w:450\\\/h:450\\\/q:mauto\\\/f:best\\\/https:\\\/\\\/alexflowers.lv\\\/wp-content\\\/uploads\\\/2025\\\/12\\\/FB-Logo-.jpg\",\"contentUrl\":\"https:\\\/\\\/mlapv6zzdrmm.i.optimole.com\\\/cb:mLu5.ec6\\\/w:450\\\/h:450\\\/q:mauto\\\/f:best\\\/https:\\\/\\\/alexflowers.lv\\\/wp-content\\\/uploads\\\/2025\\\/12\\\/FB-Logo-.jpg\",\"width\":450,\"height\":450,\"caption\":\"Alex Flowers\"},\"image\":{\"@id\":\"https:\\\/\\\/alexflowers.lv\\\/#\\\/schema\\\/logo\\\/image\\\/\"},\"sameAs\":[\"https:\\\/\\\/www.facebook.com\\\/share\\\/1DUxfCw1sq\\\/?mibextid=wwXIfr\"]}]}<\/script>\n<!-- \/ Yoast SEO plugin. -->","yoast_head_json":{"title":"KRASA MOEGO SADA | Peony roots from Latvia","description":"Buy KRASA MOEGO SADA from a peony nursery in Latvia. Carefully packed peony roots with delivery across Europe and Scandinavia.","robots":{"index":"index","follow":"follow","max-snippet":"max-snippet:-1","max-image-preview":"max-image-preview:large","max-video-preview":"max-video-preview:-1"},"canonical":"https:\/\/alexflowers.lv\/lv\/products\/krasa-moego-sada\/","og_locale":"lv_LV","og_type":"article","og_title":"KRASA MOEGO SADA | Peony roots from Latvia","og_description":"Buy KRASA MOEGO SADA from a peony nursery in Latvia. Carefully packed peony roots with delivery across Europe and Scandinavia.","og_url":"https:\/\/alexflowers.lv\/lv\/products\/krasa-moego-sada\/","og_site_name":"Alex Flowers - Peony Nursery in Latvia","article_publisher":"https:\/\/www.facebook.com\/share\/1DUxfCw1sq\/?mibextid=wwXIfr","article_modified_time":"2026-01-19T08:52:16+00:00","og_image":[{"width":2048,"height":1536,"url":"https:\/\/alexflowers.lv\/wp-content\/uploads\/2025\/11\/IMG_2358.jpeg","type":"image\/jpeg"}],"twitter_card":"summary_large_image","twitter_misc":{"Est. reading time":"1 min\u016bte"},"schema":{"@context":"https:\/\/schema.org","@graph":[{"@type":"WebPage","@id":"https:\/\/alexflowers.lv\/product\/krasa-moego-sada\/","url":"https:\/\/alexflowers.lv\/product\/krasa-moego-sada\/","name":"KRASA MOEGO SADA | Peony roots from Latvia","isPartOf":{"@id":"https:\/\/alexflowers.lv\/#website"},"primaryImageOfPage":{"@id":"https:\/\/alexflowers.lv\/product\/krasa-moego-sada\/#primaryimage"},"image":{"@id":"https:\/\/alexflowers.lv\/product\/krasa-moego-sada\/#primaryimage"},"thumbnailUrl":"https:\/\/alexflowers.lv\/wp-content\/uploads\/2025\/11\/IMG_2358.jpeg","datePublished":"2021-02-28T10:39:16+00:00","dateModified":"2026-01-19T08:52:16+00:00","description":"Buy KRASA MOEGO SADA from a peony nursery in Latvia. Carefully packed peony roots with delivery across Europe and Scandinavia.","breadcrumb":{"@id":"https:\/\/alexflowers.lv\/product\/krasa-moego-sada\/#breadcrumb"},"inLanguage":"lv-LV","potentialAction":[{"@type":"ReadAction","target":["https:\/\/alexflowers.lv\/product\/krasa-moego-sada\/"]}]},{"@type":"ImageObject","inLanguage":"lv-LV","@id":"https:\/\/alexflowers.lv\/product\/krasa-moego-sada\/#primaryimage","url":"https:\/\/alexflowers.lv\/wp-content\/uploads\/2025\/11\/IMG_2358.jpeg","contentUrl":"https:\/\/alexflowers.lv\/wp-content\/uploads\/2025\/11\/IMG_2358.jpeg","width":2048,"height":1536},{"@type":"BreadcrumbList","@id":"https:\/\/alexflowers.lv\/product\/krasa-moego-sada\/#breadcrumb","itemListElement":[{"@type":"ListItem","position":1,"name":"Home","item":"https:\/\/alexflowers.lv\/"},{"@type":"ListItem","position":2,"name":"Buy Peony Roots","item":"https:\/\/alexflowers.lv\/buy-peony-roots\/"},{"@type":"ListItem","position":3,"name":"KRASA MOEGO SADA"}]},{"@type":"WebSite","@id":"https:\/\/alexflowers.lv\/#website","url":"https:\/\/alexflowers.lv\/","name":"Alex Flowers - Peony Nursery in Latvia","description":"We grow peonies in our nursery in Latvia with care for the plant and nature. New and rare varieties- carefully packed and delivered across Europe and Scandinavia.","publisher":{"@id":"https:\/\/alexflowers.lv\/#organization"},"potentialAction":[{"@type":"SearchAction","target":{"@type":"EntryPoint","urlTemplate":"https:\/\/alexflowers.lv\/?s={search_term_string}"},"query-input":{"@type":"PropertyValueSpecification","valueRequired":true,"valueName":"search_term_string"}}],"inLanguage":"lv-LV"},{"@type":"Organization","@id":"https:\/\/alexflowers.lv\/#organization","name":"Alex Flowers","url":"https:\/\/alexflowers.lv\/","logo":{"@type":"ImageObject","inLanguage":"lv-LV","@id":"https:\/\/alexflowers.lv\/#\/schema\/logo\/image\/","url":"https:\/\/mlapv6zzdrmm.i.optimole.com\/cb:mLu5.ec6\/w:450\/h:450\/q:mauto\/f:best\/https:\/\/alexflowers.lv\/wp-content\/uploads\/2025\/12\/FB-Logo-.jpg","contentUrl":"https:\/\/mlapv6zzdrmm.i.optimole.com\/cb:mLu5.ec6\/w:450\/h:450\/q:mauto\/f:best\/https:\/\/alexflowers.lv\/wp-content\/uploads\/2025\/12\/FB-Logo-.jpg","width":450,"height":450,"caption":"Alex Flowers"},"image":{"@id":"https:\/\/alexflowers.lv\/#\/schema\/logo\/image\/"},"sameAs":["https:\/\/www.facebook.com\/share\/1DUxfCw1sq\/?mibextid=wwXIfr"]}]}},"_links":{"self":[{"href":"https:\/\/alexflowers.lv\/lv\/wp-json\/wp\/v2\/product\/11415","targetHints":{"allow":["GET"]}}],"collection":[{"href":"https:\/\/alexflowers.lv\/lv\/wp-json\/wp\/v2\/product"}],"about":[{"href":"https:\/\/alexflowers.lv\/lv\/wp-json\/wp\/v2\/types\/product"}],"replies":[{"embeddable":true,"href":"https:\/\/alexflowers.lv\/lv\/wp-json\/wp\/v2\/comments?post=11415"}],"wp:featuredmedia":[{"embeddable":true,"href":"https:\/\/alexflowers.lv\/lv\/wp-json\/wp\/v2\/media\/11416"}],"wp:attachment":[{"href":"https:\/\/alexflowers.lv\/lv\/wp-json\/wp\/v2\/media?parent=11415"}],"wp:term":[{"taxonomy":"product_brand","embeddable":true,"href":"https:\/\/alexflowers.lv\/lv\/wp-json\/wp\/v2\/product_brand?post=11415"},{"taxonomy":"product_cat","embeddable":true,"href":"https:\/\/alexflowers.lv\/lv\/wp-json\/wp\/v2\/product_cat?post=11415"},{"taxonomy":"product_tag","embeddable":true,"href":"https:\/\/alexflowers.lv\/lv\/wp-json\/wp\/v2\/product_tag?post=11415"}],"curies":[{"name":"wp","href":"https:\/\/api.w.org\/{rel}","templated":true}]}}